{"id":2753,"date":"2020-06-12T20:53:05","date_gmt":"2020-06-12T17:53:05","guid":{"rendered":"https:\/\/motocross.webart.ee\/kulgvankrite-motokrossi-maailmameistrid\/"},"modified":"2020-07-13T23:10:31","modified_gmt":"2020-07-13T20:10:31","slug":"sidecarcross-world-championship-winners","status":"publish","type":"page","link":"https:\/\/www.motokross.online\/en\/sidecarcross-world-championship-winners\/","title":{"rendered":"Sidecarcross World Championship winners"},"content":{"rendered":"\n<div class=\"indiv_tablepress tablepress_in_div\"><div>\n<table id=\"tablepress-117\" class=\"tablepress tablepress-id-117\">\n<tbody class=\"row-striping row-hover\">\n<tr class=\"row-1\">\n\t<td class=\"column-1\">1980<\/td><td class=\"column-2\">Reinhard B\u00f6hler - Siegfried M\u00fcller<\/td><td class=\"column-3\">GER\/GER<\/td><td class=\"column-4\">Yamaha-Wasp<\/td>\n<\/tr>\n<tr class=\"row-2\">\n\t<td class=\"column-1\">1981<\/td><td class=\"column-2\">Ton van Heugten - Frits Kiggen<\/td><td class=\"column-3\">NED\/NED<\/td><td class=\"column-4\">Yamaha-Wasp<\/td>\n<\/tr>\n<tr class=\"row-3\">\n\t<td class=\"column-1\">1982<\/td><td class=\"column-2\">Emil Bollhalder - Karl B\u00fcsser<\/td><td class=\"column-3\">SUI\/SUI<\/td><td class=\"column-4\">Yamaha-EML<\/td>\n<\/tr>\n<tr class=\"row-4\">\n\t<td class=\"column-1\">1983<\/td><td class=\"column-2\">Emil Bollhalder - Karl B\u00fcsser<\/td><td class=\"column-3\">SUI\/SUI<\/td><td class=\"column-4\">Yamaha-EML<\/td>\n<\/tr>\n<tr class=\"row-5\">\n\t<td class=\"column-1\">1984<\/td><td class=\"column-2\">Hansi B\u00e4chtold - Fritz Fu\u00df<\/td><td class=\"column-3\">SUI\/SUI<\/td><td class=\"column-4\">EML-Jumbo-EML<\/td>\n<\/tr>\n<tr class=\"row-6\">\n\t<td class=\"column-1\">1985<\/td><td class=\"column-2\">Hansi B\u00e4chtold - Fritz Fu\u00df<\/td><td class=\"column-3\">SUI\/SUI<\/td><td class=\"column-4\">EML-Jumbo-EML<\/td>\n<\/tr>\n<tr class=\"row-7\">\n\t<td class=\"column-1\">1986<\/td><td class=\"column-2\">Hansi B\u00e4chtold - Fritz Fu\u00df<\/td><td class=\"column-3\">SUI\/SUI<\/td><td class=\"column-4\">EML-Jumbo-EML<\/td>\n<\/tr>\n<tr class=\"row-8\">\n\t<td class=\"column-1\">1987<\/td><td class=\"column-2\">Hansi B\u00e4chtold - Fritz Fu\u00df<\/td><td class=\"column-3\">SUI\/SUI<\/td><td class=\"column-4\">EML-Jumbo-EML<\/td>\n<\/tr>\n<tr class=\"row-9\">\n\t<td class=\"column-1\">1988<\/td><td class=\"column-2\">Christoph H\u00fcsser - Andreas H\u00fcsser<\/td><td class=\"column-3\">SUI\/SUI<\/td><td class=\"column-4\">KTM-VMC<\/td>\n<\/tr>\n<tr class=\"row-10\">\n\t<td class=\"column-1\">1989<\/td><td class=\"column-2\">Christoph H\u00fcsser - Andreas H\u00fcsser<\/td><td class=\"column-3\">SUI\/SUI<\/td><td class=\"column-4\">KTM-VMC<\/td>\n<\/tr>\n<tr class=\"row-11\">\n\t<td class=\"column-1\">1990<\/td><td class=\"column-2\">Benny Janssen - Tiny Janssen<\/td><td class=\"column-3\">NED\/NED<\/td><td class=\"column-4\">Honda-EML<\/td>\n<\/tr>\n<tr class=\"row-12\">\n\t<td class=\"column-1\">1991<\/td><td class=\"column-2\">Eimbert Timmermans - Eric Verhagen<\/td><td class=\"column-3\">NED\/NED<\/td><td class=\"column-4\">Kawasaki-EML<\/td>\n<\/tr>\n<tr class=\"row-13\">\n\t<td class=\"column-1\">1992<\/td><td class=\"column-2\">Eimbert Timmermans - Eric Verhagen<\/td><td class=\"column-3\">NED\/NED<\/td><td class=\"column-4\">Kawasaki-EML<\/td>\n<\/tr>\n<tr class=\"row-14\">\n\t<td class=\"column-1\">1993<\/td><td class=\"column-2\">Andreas Fuhrer - Adrian K\u00e4ser<\/td><td class=\"column-3\">SUI\/SUI<\/td><td class=\"column-4\">Kawasaki-VMC<\/td>\n<\/tr>\n<tr class=\"row-15\">\n\t<td class=\"column-1\">1994<\/td><td class=\"column-2\">Andreas Fuhrer - Adrian K\u00e4ser<\/td><td class=\"column-3\">SUI\/SUI<\/td><td class=\"column-4\">Kawasaki-VMC<\/td>\n<\/tr>\n<tr class=\"row-16\">\n\t<td class=\"column-1\">1995<\/td><td class=\"column-2\">Andreas Fuhrer - Adrian K\u00e4ser<\/td><td class=\"column-3\">SUI\/SUI<\/td><td class=\"column-4\">Kawasaki-JHR<\/td>\n<\/tr>\n<tr class=\"row-17\">\n\t<td class=\"column-1\">1996<\/td><td class=\"column-2\">Andreas Fuhrer - Adrian K\u00e4ser<\/td><td class=\"column-3\">SUI\/SUI<\/td><td class=\"column-4\">Kawasaki-JHR<\/td>\n<\/tr>\n<tr class=\"row-18\">\n\t<td class=\"column-1\">1997<\/td><td class=\"column-2\">Kristers Ser\u0123is - Artis Rasmanis<\/td><td class=\"column-3\">LAT\/LAT<\/td><td class=\"column-4\">KTM-EML<\/td>\n<\/tr>\n<tr class=\"row-19\">\n\t<td class=\"column-1\">1998<\/td><td class=\"column-2\">Kristers Ser\u0123is - Artis Rasmanis<\/td><td class=\"column-3\">LAT\/LAT<\/td><td class=\"column-4\">Zabel-BSU<\/td>\n<\/tr>\n<tr class=\"row-20\">\n\t<td class=\"column-1\">1999<\/td><td class=\"column-2\">Dani\u00ebl Willemsen - Marcel Willemsen<\/td><td class=\"column-3\">NED\/NED<\/td><td class=\"column-4\">Zabel-BSU<\/td>\n<\/tr>\n<tr class=\"row-21\">\n\t<td class=\"column-1\">2000<\/td><td class=\"column-2\">Kristers Ser\u0123is - Artis Rasmanis<\/td><td class=\"column-3\">LAT\/LAT<\/td><td class=\"column-4\">MTH-BSU<\/td>\n<\/tr>\n<tr class=\"row-22\">\n\t<td class=\"column-1\">2001<\/td><td class=\"column-2\">Kristers Ser\u0123is - Artis Rasmanis<\/td><td class=\"column-3\">LAT\/LAT<\/td><td class=\"column-4\">MTH-BSU<\/td>\n<\/tr>\n<tr class=\"row-23\">\n\t<td class=\"column-1\">2002<\/td><td class=\"column-2\">Kristers Ser\u0123is - Artis Rasmanis<\/td><td class=\"column-3\">LAT\/LAT<\/td><td class=\"column-4\">MTH-BSU<\/td>\n<\/tr>\n<tr class=\"row-24\">\n\t<td class=\"column-1\">2003<\/td><td class=\"column-2\">Dani\u00ebl Willemsen - Kaspars Stupelis<\/td><td class=\"column-3\">NED\/LAT<\/td><td class=\"column-4\">Zabel-VMC<\/td>\n<\/tr>\n<tr class=\"row-25\">\n\t<td class=\"column-1\">2004<\/td><td class=\"column-2\">Dani\u00ebl Willemsen - Kaspars Stupelis<\/td><td class=\"column-3\">NED\/LAT<\/td><td class=\"column-4\">Zabel-VMC<\/td>\n<\/tr>\n<tr class=\"row-26\">\n\t<td class=\"column-1\">2005<\/td><td class=\"column-2\">Dani\u00ebl Willemsen - Sven Verbrugge<\/td><td class=\"column-3\">NED\/BEL<\/td><td class=\"column-4\">Zabel-VMC<\/td>\n<\/tr>\n<tr class=\"row-27\">\n\t<td class=\"column-1\">2006<\/td><td class=\"column-2\">Dani\u00ebl Willemsen - Sven Verbrugge<\/td><td class=\"column-3\">NED\/BEL<\/td><td class=\"column-4\">Zabel-VMC<\/td>\n<\/tr>\n<tr class=\"row-28\">\n\t<td class=\"column-1\">2007<\/td><td class=\"column-2\">Dani\u00ebl Willemsen - Reto Gr\u00fctter<\/td><td class=\"column-3\">NED\/SUI<\/td><td class=\"column-4\">Zabel-VMC<\/td>\n<\/tr>\n<tr class=\"row-29\">\n\t<td class=\"column-1\">2008<\/td><td class=\"column-2\">Dani\u00ebl Willemsen - Reto Gr\u00fctter<\/td><td class=\"column-3\">NED\/SUI<\/td><td class=\"column-4\">Zabel-VMC<\/td>\n<\/tr>\n<tr class=\"row-30\">\n\t<td class=\"column-1\">2009<\/td><td class=\"column-2\">Joris Hendrickx - Kaspars Liepi\u0146\u0161<\/td><td class=\"column-3\">BEL\/LAT<\/td><td class=\"column-4\">KTM-VMC<\/td>\n<\/tr>\n<tr class=\"row-31\">\n\t<td class=\"column-1\">2010<\/td><td class=\"column-2\">Dani\u00ebl Willemsen - Gertie Eggink<\/td><td class=\"column-3\">NED\/NED<\/td><td class=\"column-4\">Zabel-WSP<\/td>\n<\/tr>\n<tr class=\"row-32\">\n\t<td class=\"column-1\">2011<\/td><td class=\"column-2\">Dani\u00ebl Willemsen - Sven Verbrugge<\/td><td class=\"column-3\">NED\/BEL<\/td><td class=\"column-4\">Zabel-WSP<\/td>\n<\/tr>\n<tr class=\"row-33\">\n\t<td class=\"column-1\">2012<\/td><td class=\"column-2\">Dani\u00ebl Willemsen - Kenny van Gaalen<\/td><td class=\"column-3\">NED\/NED<\/td><td class=\"column-4\">Zabel-WSP<\/td>\n<\/tr>\n<tr class=\"row-34\">\n\t<td class=\"column-1\">2013<\/td><td class=\"column-2\">Ben Adriaenssen - Ben van den Bogaart<\/td><td class=\"column-3\">BEL\/NED<\/td><td class=\"column-4\">KTM-WSP<\/td>\n<\/tr>\n<tr class=\"row-35\">\n\t<td class=\"column-1\">2014<\/td><td class=\"column-2\">Ben Adriaenssen - Ben van den Bogaart<\/td><td class=\"column-3\">BEL\/NED<\/td><td class=\"column-4\">Husqvarna-WSP<\/td>\n<\/tr>\n<tr class=\"row-36\">\n\t<td class=\"column-1\">2015<\/td><td class=\"column-2\">Etienne Bax - Kaspars Stupelis<\/td><td class=\"column-3\">NED\/LAT<\/td><td class=\"column-4\">Zabel-WSP<\/td>\n<\/tr>\n<tr class=\"row-37\">\n\t<td class=\"column-1\"><a href=\"https:\/\/motocross.webart.ee\/uudis\/kulgvankrite-mm-2016-kalender\/\">2016<\/a><\/td><td class=\"column-2\">Jan Hendrickx - Ben van den Bogaart<\/td><td class=\"column-3\">BEL\/NED<\/td><td class=\"column-4\">Husqvarna-WSP<\/td>\n<\/tr>\n<tr class=\"row-38\">\n\t<td class=\"column-1\">2017<\/td><td class=\"column-2\">Etienne Bax - Nicolas Musset<\/td><td class=\"column-3\">NED\/FRA<\/td><td class=\"column-4\">Zabel-WSP<\/td>\n<\/tr>\n<tr class=\"row-39\">\n\t<td class=\"column-1\">2018<\/td><td class=\"column-2\">Marvin Vanluchene - Ben van den Bogaart<\/td><td class=\"column-3\">BEL\/NED<\/td><td class=\"column-4\">Zabel-VMC<\/td>\n<\/tr>\n<tr class=\"row-40\">\n\t<td class=\"column-1\"><a href=\"https:\/\/motocross.webart.ee\/uudis\/kulgvankrite-mm-2019-kalender\/\">2019<\/a><\/td><td class=\"column-2\">Etienne Bax - Kaspars Stupelis<\/td><td class=\"column-3\">NED\/LAT<\/td><td class=\"column-4\">Zabel-WSP<\/td>\n<\/tr>\n<tr class=\"row-41\">\n\t<td class=\"column-1\">2020*<\/td><td class=\"column-2\">-<\/td><td class=\"column-3\">-<\/td><td class=\"column-4\">-<\/td>\n<\/tr>\n<tr class=\"row-42\">\n\t<td class=\"column-1\"><a href=\"https:\/\/www.motokross.online\/uudis\/kulgvankrite-motokrossi-mm-2021-kalender-ja-info\/\">2021<\/a><\/td><td class=\"column-2\">Etienne Bax - Nicolas Musset<\/td><td class=\"column-3\">NED\/FRA<\/td><td class=\"column-4\">Zabel-WSP<\/td>\n<\/tr>\n<tr class=\"row-43\">\n\t<td class=\"column-1\"><a href=\"https:\/\/www.motokross.online\/uudis\/2022-aasta-kulgvankrite-motokrossi-maailmameistrivoistluste-kalender\/\">2022<\/a><\/td><td class=\"column-2\">Etienne Bax - Ond\u0159ej \u010cerm\u00e1k<\/td><td class=\"column-3\">NED\/CZE<\/td><td class=\"column-4\">Husqvarna-WSP<\/td>\n<\/tr>\n<tr class=\"row-44\">\n\t<td class=\"column-1\"><a href=\"https:\/\/www.motokross.online\/uudis\/kulgvankite-motokrossi-2023-aasta-mm-kalender\/\">2023<\/a><\/td><td class=\"column-2\">Marvin Vanluchene - Nicolas Musset<\/td><td class=\"column-3\">BEL\/FRA<\/td><td class=\"column-4\">Zabel-VMC<\/td>\n<\/tr>\n<tr class=\"row-45\">\n\t<td class=\"column-1\"><a href=\"https:\/\/www.motokross.online\/uudis\/loplik-2024-aasta-kulgvankrite-motokrossi-mm-kalender\/\">2024<\/a><\/td><td class=\"column-2\">Marvin Vanluchene\/Glenn Janssens<\/td><td class=\"column-3\">BEL\/BEL<\/td><td class=\"column-4\">Zabel-VMC<\/td>\n<\/tr>\n<tr class=\"row-46\">\n\t<td class=\"column-1\"><a href=\"https:\/\/www.motokross.online\/uudis\/avalikustatud-esialgne-kulgvankrite-motokrossi-2025-aasta-kalender\/\">2025<\/a><\/td><td class=\"column-2\">Koen Hermans\/Ben van den Bogaart<\/td><td class=\"column-3\">NED\/NED<\/td><td class=\"column-4\">Mega-WSP<\/td>\n<\/tr>\n<\/tbody>\n<\/table>\n<\/div><\/div><!-- #tablepress-117 from cache -->\n\n\n\n<p style=\"color:#7e7e7e\" class=\"has-text-color\">* 2020 year World Championship was canceled because of coronavirus<\/p>\n","protected":false},"excerpt":{"rendered":"<p>* 2020 year World Championship was canceled because of coronavirus<\/p>\n","protected":false},"author":1,"featured_media":5313,"parent":0,"menu_order":0,"comment_status":"closed","ping_status":"closed","template":"","meta":{"_monsterinsights_skip_tracking":false,"_monsterinsights_sitenote_active":false,"_monsterinsights_sitenote_note":"","_monsterinsights_sitenote_category":0,"footnotes":""},"class_list":["post-2753","page","type-page","status-publish","has-post-thumbnail","hentry"],"yoast_head":"<!-- This site is optimized with the Yoast SEO plugin v27.4 - https:\/\/yoast.com\/product\/yoast-seo-wordpress\/ -->\n<title>Sidecarcross World Championship winners - Motokross Online<\/title>\n<meta name=\"robots\" content=\"index, follow, max-snippet:-1, max-image-preview:large, max-video-preview:-1\" \/>\n<link rel=\"canonical\" href=\"https:\/\/www.motokross.online\/en\/sidecarcross-world-championship-winners\/\" \/>\n<meta property=\"og:locale\" content=\"en_US\" \/>\n<meta property=\"og:type\" content=\"article\" \/>\n<meta property=\"og:title\" content=\"Sidecarcross World Championship winners - Motokross Online\" \/>\n<meta property=\"og:description\" content=\"* 2020 year World Championship was canceled because of coronavirus\" \/>\n<meta property=\"og:url\" content=\"https:\/\/www.motokross.online\/en\/sidecarcross-world-championship-winners\/\" \/>\n<meta property=\"og:site_name\" content=\"Motokross Online\" \/>\n<meta property=\"article:publisher\" content=\"https:\/\/www.facebook.com\/motokrossiarmastus\/\" \/>\n<meta property=\"article:modified_time\" content=\"2020-07-13T20:10:31+00:00\" \/>\n<meta property=\"og:image\" content=\"https:\/\/www.motokross.online\/wp-content\/uploads\/2021\/04\/kulgvankrite-motokrossi-maailmameistrid.jpg\" \/>\n\t<meta property=\"og:image:width\" content=\"1200\" \/>\n\t<meta property=\"og:image:height\" content=\"800\" \/>\n\t<meta property=\"og:image:type\" content=\"image\/jpeg\" \/>\n<meta name=\"twitter:card\" content=\"summary_large_image\" \/>\n<meta name=\"twitter:site\" content=\"@pistiknetmotomx\" \/>\n<script type=\"application\/ld+json\" class=\"yoast-schema-graph\">{\"@context\":\"https:\\\/\\\/schema.org\",\"@graph\":[{\"@type\":\"WebPage\",\"@id\":\"https:\\\/\\\/www.motokross.online\\\/en\\\/sidecarcross-world-championship-winners\\\/\",\"url\":\"https:\\\/\\\/www.motokross.online\\\/en\\\/sidecarcross-world-championship-winners\\\/\",\"name\":\"Sidecarcross World Championship winners - Motokross Online\",\"isPartOf\":{\"@id\":\"https:\\\/\\\/www.motokross.online\\\/#website\"},\"primaryImageOfPage\":{\"@id\":\"https:\\\/\\\/www.motokross.online\\\/en\\\/sidecarcross-world-championship-winners\\\/#primaryimage\"},\"image\":{\"@id\":\"https:\\\/\\\/www.motokross.online\\\/en\\\/sidecarcross-world-championship-winners\\\/#primaryimage\"},\"thumbnailUrl\":\"https:\\\/\\\/www.motokross.online\\\/wp-content\\\/uploads\\\/2021\\\/04\\\/kulgvankrite-motokrossi-maailmameistrid.jpg\",\"datePublished\":\"2020-06-12T17:53:05+00:00\",\"dateModified\":\"2020-07-13T20:10:31+00:00\",\"breadcrumb\":{\"@id\":\"https:\\\/\\\/www.motokross.online\\\/en\\\/sidecarcross-world-championship-winners\\\/#breadcrumb\"},\"inLanguage\":\"en-US\",\"potentialAction\":[{\"@type\":\"ReadAction\",\"target\":[\"https:\\\/\\\/www.motokross.online\\\/en\\\/sidecarcross-world-championship-winners\\\/\"]}]},{\"@type\":\"ImageObject\",\"inLanguage\":\"en-US\",\"@id\":\"https:\\\/\\\/www.motokross.online\\\/en\\\/sidecarcross-world-championship-winners\\\/#primaryimage\",\"url\":\"https:\\\/\\\/www.motokross.online\\\/wp-content\\\/uploads\\\/2021\\\/04\\\/kulgvankrite-motokrossi-maailmameistrid.jpg\",\"contentUrl\":\"https:\\\/\\\/www.motokross.online\\\/wp-content\\\/uploads\\\/2021\\\/04\\\/kulgvankrite-motokrossi-maailmameistrid.jpg\",\"width\":1200,\"height\":800},{\"@type\":\"BreadcrumbList\",\"@id\":\"https:\\\/\\\/www.motokross.online\\\/en\\\/sidecarcross-world-championship-winners\\\/#breadcrumb\",\"itemListElement\":[{\"@type\":\"ListItem\",\"position\":1,\"name\":\"Home\",\"item\":\"https:\\\/\\\/www.motokross.online\\\/\"},{\"@type\":\"ListItem\",\"position\":2,\"name\":\"Sidecarcross World Championship winners\"}]},{\"@type\":\"WebSite\",\"@id\":\"https:\\\/\\\/www.motokross.online\\\/#website\",\"url\":\"https:\\\/\\\/www.motokross.online\\\/\",\"name\":\"Motokross Online\",\"description\":\"Moto\u2665kross - Motokrossi uudised, info ja tulemused\",\"publisher\":{\"@id\":\"https:\\\/\\\/www.motokross.online\\\/#organization\"},\"potentialAction\":[{\"@type\":\"SearchAction\",\"target\":{\"@type\":\"EntryPoint\",\"urlTemplate\":\"https:\\\/\\\/www.motokross.online\\\/?s={search_term_string}\"},\"query-input\":{\"@type\":\"PropertyValueSpecification\",\"valueRequired\":true,\"valueName\":\"search_term_string\"}}],\"inLanguage\":\"en-US\"},{\"@type\":\"Organization\",\"@id\":\"https:\\\/\\\/www.motokross.online\\\/#organization\",\"name\":\"Motokross.online\",\"url\":\"https:\\\/\\\/www.motokross.online\\\/\",\"logo\":{\"@type\":\"ImageObject\",\"inLanguage\":\"en-US\",\"@id\":\"https:\\\/\\\/www.motokross.online\\\/#\\\/schema\\\/logo\\\/image\\\/\",\"url\":\"https:\\\/\\\/www.motokross.online\\\/wp-content\\\/uploads\\\/2020\\\/08\\\/cropped-fb-logo-01.png\",\"contentUrl\":\"https:\\\/\\\/www.motokross.online\\\/wp-content\\\/uploads\\\/2020\\\/08\\\/cropped-fb-logo-01.png\",\"width\":512,\"height\":512,\"caption\":\"Motokross.online\"},\"image\":{\"@id\":\"https:\\\/\\\/www.motokross.online\\\/#\\\/schema\\\/logo\\\/image\\\/\"},\"sameAs\":[\"https:\\\/\\\/www.facebook.com\\\/motokrossiarmastus\\\/\",\"https:\\\/\\\/x.com\\\/pistiknetmotomx\"]}]}<\/script>\n<!-- \/ Yoast SEO plugin. -->","yoast_head_json":{"title":"Sidecarcross World Championship winners - Motokross Online","robots":{"index":"index","follow":"follow","max-snippet":"max-snippet:-1","max-image-preview":"max-image-preview:large","max-video-preview":"max-video-preview:-1"},"canonical":"https:\/\/www.motokross.online\/en\/sidecarcross-world-championship-winners\/","og_locale":"en_US","og_type":"article","og_title":"Sidecarcross World Championship winners - Motokross Online","og_description":"* 2020 year World Championship was canceled because of coronavirus","og_url":"https:\/\/www.motokross.online\/en\/sidecarcross-world-championship-winners\/","og_site_name":"Motokross Online","article_publisher":"https:\/\/www.facebook.com\/motokrossiarmastus\/","article_modified_time":"2020-07-13T20:10:31+00:00","og_image":[{"width":1200,"height":800,"url":"https:\/\/www.motokross.online\/wp-content\/uploads\/2021\/04\/kulgvankrite-motokrossi-maailmameistrid.jpg","type":"image\/jpeg"}],"twitter_card":"summary_large_image","twitter_site":"@pistiknetmotomx","schema":{"@context":"https:\/\/schema.org","@graph":[{"@type":"WebPage","@id":"https:\/\/www.motokross.online\/en\/sidecarcross-world-championship-winners\/","url":"https:\/\/www.motokross.online\/en\/sidecarcross-world-championship-winners\/","name":"Sidecarcross World Championship winners - Motokross Online","isPartOf":{"@id":"https:\/\/www.motokross.online\/#website"},"primaryImageOfPage":{"@id":"https:\/\/www.motokross.online\/en\/sidecarcross-world-championship-winners\/#primaryimage"},"image":{"@id":"https:\/\/www.motokross.online\/en\/sidecarcross-world-championship-winners\/#primaryimage"},"thumbnailUrl":"https:\/\/www.motokross.online\/wp-content\/uploads\/2021\/04\/kulgvankrite-motokrossi-maailmameistrid.jpg","datePublished":"2020-06-12T17:53:05+00:00","dateModified":"2020-07-13T20:10:31+00:00","breadcrumb":{"@id":"https:\/\/www.motokross.online\/en\/sidecarcross-world-championship-winners\/#breadcrumb"},"inLanguage":"en-US","potentialAction":[{"@type":"ReadAction","target":["https:\/\/www.motokross.online\/en\/sidecarcross-world-championship-winners\/"]}]},{"@type":"ImageObject","inLanguage":"en-US","@id":"https:\/\/www.motokross.online\/en\/sidecarcross-world-championship-winners\/#primaryimage","url":"https:\/\/www.motokross.online\/wp-content\/uploads\/2021\/04\/kulgvankrite-motokrossi-maailmameistrid.jpg","contentUrl":"https:\/\/www.motokross.online\/wp-content\/uploads\/2021\/04\/kulgvankrite-motokrossi-maailmameistrid.jpg","width":1200,"height":800},{"@type":"BreadcrumbList","@id":"https:\/\/www.motokross.online\/en\/sidecarcross-world-championship-winners\/#breadcrumb","itemListElement":[{"@type":"ListItem","position":1,"name":"Home","item":"https:\/\/www.motokross.online\/"},{"@type":"ListItem","position":2,"name":"Sidecarcross World Championship winners"}]},{"@type":"WebSite","@id":"https:\/\/www.motokross.online\/#website","url":"https:\/\/www.motokross.online\/","name":"Motokross Online","description":"Moto\u2665kross - Motokrossi uudised, info ja tulemused","publisher":{"@id":"https:\/\/www.motokross.online\/#organization"},"potentialAction":[{"@type":"SearchAction","target":{"@type":"EntryPoint","urlTemplate":"https:\/\/www.motokross.online\/?s={search_term_string}"},"query-input":{"@type":"PropertyValueSpecification","valueRequired":true,"valueName":"search_term_string"}}],"inLanguage":"en-US"},{"@type":"Organization","@id":"https:\/\/www.motokross.online\/#organization","name":"Motokross.online","url":"https:\/\/www.motokross.online\/","logo":{"@type":"ImageObject","inLanguage":"en-US","@id":"https:\/\/www.motokross.online\/#\/schema\/logo\/image\/","url":"https:\/\/www.motokross.online\/wp-content\/uploads\/2020\/08\/cropped-fb-logo-01.png","contentUrl":"https:\/\/www.motokross.online\/wp-content\/uploads\/2020\/08\/cropped-fb-logo-01.png","width":512,"height":512,"caption":"Motokross.online"},"image":{"@id":"https:\/\/www.motokross.online\/#\/schema\/logo\/image\/"},"sameAs":["https:\/\/www.facebook.com\/motokrossiarmastus\/","https:\/\/x.com\/pistiknetmotomx"]}]}},"_links":{"self":[{"href":"https:\/\/www.motokross.online\/en\/wp-json\/wp\/v2\/pages\/2753","targetHints":{"allow":["GET"]}}],"collection":[{"href":"https:\/\/www.motokross.online\/en\/wp-json\/wp\/v2\/pages"}],"about":[{"href":"https:\/\/www.motokross.online\/en\/wp-json\/wp\/v2\/types\/page"}],"author":[{"embeddable":true,"href":"https:\/\/www.motokross.online\/en\/wp-json\/wp\/v2\/users\/1"}],"replies":[{"embeddable":true,"href":"https:\/\/www.motokross.online\/en\/wp-json\/wp\/v2\/comments?post=2753"}],"version-history":[{"count":2,"href":"https:\/\/www.motokross.online\/en\/wp-json\/wp\/v2\/pages\/2753\/revisions"}],"predecessor-version":[{"id":2755,"href":"https:\/\/www.motokross.online\/en\/wp-json\/wp\/v2\/pages\/2753\/revisions\/2755"}],"wp:featuredmedia":[{"embeddable":true,"href":"https:\/\/www.motokross.online\/en\/wp-json\/wp\/v2\/media\/5313"}],"wp:attachment":[{"href":"https:\/\/www.motokross.online\/en\/wp-json\/wp\/v2\/media?parent=2753"}],"curies":[{"name":"wp","href":"https:\/\/api.w.org\/{rel}","templated":true}]}}